{"id":13,"date":"2025-05-16T05:30:04","date_gmt":"2025-05-16T05:30:04","guid":{"rendered":"http:\/\/haus-der-sonne.info\/?page_id=13"},"modified":"2025-05-17T09:35:57","modified_gmt":"2025-05-17T07:35:57","slug":"mitmachen-barrierefreier-familienurlaub","status":"publish","type":"page","link":"https:\/\/haus-der-sonne.info\/en\/mitmachen-barrierefreier-familienurlaub\/","title":{"rendered":"Get Involved"},"content":{"rendered":"<div style=\"height:100px\" aria-hidden=\"true\" class=\"wp-block-spacer\"><\/div>\n\n\n\n<h1 class=\"wp-block-heading\">\ud83e\udd1d <strong>Get Involved<\/strong><\/h1>\n\n\n\n<p><strong>Maison du Soleil \u2013 House of the Sun<\/strong> will be a place that uplifts, brings people together, and offers real moments of peace.<br>To make this possible, we need people like you.<\/p>\n\n\n\n<div style=\"height:30px\" aria-hidden=\"true\" class=\"wp-block-spacer\"><\/div>\n\n\n\n<h3 class=\"wp-block-heading\">\ud83d\udc9b <strong>Ways to Help<\/strong><\/h3>\n\n\n\n<h4 class=\"wp-block-heading\">\ud83c\udf81 <strong>Donations<\/strong><\/h4>\n\n\n\n<p>This project relies entirely on donations. Every gift, no matter the size, helps us move closer to making the House of the Sun a reality.<\/p>\n\n\n\n<div class=\"wp-block-buttons is-content-justification-center is-layout-flex wp-container-core-buttons-is-layout-72caf8c6 wp-block-buttons-is-layout-flex\">\n<div class=\"wp-block-button\"><a class=\"wp-block-button__link has-text-align-center wp-element-button\" href=\"https:\/\/www.goodcrowd.org\/vacances-avec-le-coeur-ferien-mit-herz\">Make a Donation<\/a><\/div>\n<\/div>\n\n\n\n<h4 class=\"wp-block-heading\">\ud83d\udde3\ufe0f <strong>Help Us Reach More People<\/strong><\/h4>\n\n\n\n<p>Share our heartfelt project with your friends, family, or coworkers.<br>Teile unsere Website oder die Spendenseite in sozialen Netzwerken, WhatsApp oder per E-Mail.<\/p>\n\n\n\n<h4 class=\"wp-block-heading\">\ud83e\udd32 <strong>Support Us as a Funding Partner<\/strong><\/h4>\n\n\n\n<p>Companies, associations, foundations, or private supporters can become project sponsors \u2013 whether through one-time or regular contributions. We welcome every inquiry and look forward to hearing from you<\/p>\n\n\n\n<h4 class=\"wp-block-heading\">\ud83d\udcc4 <strong>Help the Project with Material Donations<\/strong><\/h4>\n\n\n\n<p>Would you like to print, distribute, or display something?<\/p>\n\n\n\n<div class=\"wp-block-buttons is-content-justification-center is-layout-flex wp-container-core-buttons-is-layout-a89b3969 wp-block-buttons-is-layout-flex\">\n<div class=\"wp-block-button\"><a class=\"wp-block-button__link wp-element-button\" href=\"https:\/\/haus-der-sonne.info\/wp-content\/uploads\/2025\/05\/Konzeptpapier.pdf\">Project Proposal<\/a><\/div>\n\n\n\n<div class=\"wp-block-button\"><a class=\"wp-block-button__link wp-element-button\" href=\"https:\/\/haus-der-sonne.info\/wp-content\/uploads\/2025\/05\/Spendenaushang.pdf\">Donation Poster<\/a><\/div>\n<\/div>\n\n\n\n<div style=\"height:30px\" aria-hidden=\"true\" class=\"wp-block-spacer\"><\/div>\n\n\n\n<h3 class=\"wp-block-heading\">\ud83c\udf1f Together, We Can Make a Difference<\/h3>\n\n\n\n<p><strong>With your help<\/strong> we are creating a space where families with special children can find respite and peace.<br>A place full of light, peace, and heart \u2013 <strong>Maison du Soleil \u2013 House of the Sun<\/strong>.<\/p>\n\n\n\n<div style=\"height:100px\" aria-hidden=\"true\" class=\"wp-block-spacer\"><\/div>","protected":false},"excerpt":{"rendered":"<p>\ud83e\udd1d Mitmachen Maison du Soleil \u2013 Haus der Sonne soll ein Ort werden, der Mut macht, Gemeinschaft schenkt und Erholung [&hellip;]<\/p>","protected":false},"author":1,"featured_media":0,"parent":0,"menu_order":0,"comment_status":"closed","ping_status":"closed","template":"","meta":{"site-sidebar-layout":"default","site-content-layout":"","ast-site-content-layout":"","site-content-style":"default","site-sidebar-style":"default","ast-global-header-display":"","ast-banner-title-visibility":"","ast-main-header-display":"","ast-hfb-above-header-display":"","ast-hfb-below-header-display":"","ast-hfb-mobile-header-display":"","site-post-title":"disabled","ast-breadcrumbs-content":"","ast-featured-img":"","footer-sml-layout":"","theme-transparent-header-meta":"","adv-header-id-meta":"","stick-header-meta":"","header-above-stick-meta":"","header-main-stick-meta":"","header-below-stick-meta":"","astra-migrate-meta-layouts":"default","ast-page-background-enabled":"default","ast-page-background-meta":{"desktop":{"background-color":"var(--ast-global-color-5)","background-image":"","background-repeat":"repeat","background-position":"center center","background-size":"auto","background-attachment":"scroll","background-type":"","background-media":"","overlay-type":"","overlay-color":"","overlay-opacity":"","overlay-gradient":""},"tablet":{"background-color":"","background-image":"","background-repeat":"repeat","background-position":"center center","background-size":"auto","background-attachment":"scroll","background-type":"","background-media":"","overlay-type":"","overlay-color":"","overlay-opacity":"","overlay-gradient":""},"mobile":{"background-color":"","background-image":"","background-repeat":"repeat","background-position":"center center","background-size":"auto","background-attachment":"scroll","background-type":"","background-media":"","overlay-type":"","overlay-color":"","overlay-opacity":"","overlay-gradient":""}},"ast-content-background-meta":{"desktop":{"background-color":"var(--ast-global-color-4)","background-image":"","background-repeat":"repeat","background-position":"center center","background-size":"auto","background-attachment":"scroll","background-type":"","background-media":"","overlay-type":"","overlay-color":"","overlay-opacity":"","overlay-gradient":""},"tablet":{"background-color":"var(--ast-global-color-4)","background-image":"","background-repeat":"repeat","background-position":"center center","background-size":"auto","background-attachment":"scroll","background-type":"","background-media":"","overlay-type":"","overlay-color":"","overlay-opacity":"","overlay-gradient":""},"mobile":{"background-color":"var(--ast-global-color-4)","background-image":"","background-repeat":"repeat","background-position":"center center","background-size":"auto","background-attachment":"scroll","background-type":"","background-media":"","overlay-type":"","overlay-color":"","overlay-opacity":"","overlay-gradient":""}},"footnotes":""},"class_list":["post-13","page","type-page","status-publish","hentry"],"yoast_head":"<!-- This site is optimized with the Yoast SEO plugin v26.5 - https:\/\/yoast.com\/wordpress\/plugins\/seo\/ -->\n<title>Mitmachen \u2013 Unterst\u00fctze das Haus der Sonne<\/title>\n<meta name=\"description\" content=\"Du m\u00f6chtest mithelfen, das Haus der Sonne Wirklichkeit werden zu lassen? Hier erf\u00e4hrst du, wie du uns unterst\u00fctzen kannst \u2013 mit Zeit, Kontakten oder Spenden.\" \/>\n<meta name=\"robots\" content=\"index, follow, max-snippet:-1, max-image-preview:large, max-video-preview:-1\" \/>\n<link rel=\"canonical\" href=\"https:\/\/haus-der-sonne.info\/en\/mitmachen-barrierefreier-familienurlaub\/\" \/>\n<meta property=\"og:locale\" content=\"en_US\" \/>\n<meta property=\"og:type\" content=\"article\" \/>\n<meta property=\"og:title\" content=\"Mitmachen \u2013 Unterst\u00fctze das Haus der Sonne\" \/>\n<meta property=\"og:description\" content=\"Du m\u00f6chtest mithelfen, das Haus der Sonne Wirklichkeit werden zu lassen? Hier erf\u00e4hrst du, wie du uns unterst\u00fctzen kannst \u2013 mit Zeit, Kontakten oder Spenden.\" \/>\n<meta property=\"og:url\" content=\"https:\/\/haus-der-sonne.info\/en\/mitmachen-barrierefreier-familienurlaub\/\" \/>\n<meta property=\"article:modified_time\" content=\"2025-05-17T07:35:57+00:00\" \/>\n<meta name=\"twitter:card\" content=\"summary_large_image\" \/>\n<meta name=\"twitter:label1\" content=\"Est. reading time\" \/>\n\t<meta name=\"twitter:data1\" content=\"1 minute\" \/>\n<script type=\"application\/ld+json\" class=\"yoast-schema-graph\">{\"@context\":\"https:\/\/schema.org\",\"@graph\":[{\"@type\":\"WebPage\",\"@id\":\"https:\/\/haus-der-sonne.info\/mitmachen-barrierefreier-familienurlaub\/\",\"url\":\"https:\/\/haus-der-sonne.info\/mitmachen-barrierefreier-familienurlaub\/\",\"name\":\"Mitmachen \u2013 Unterst\u00fctze das Haus der Sonne\",\"isPartOf\":{\"@id\":\"https:\/\/haus-der-sonne.info\/#website\"},\"datePublished\":\"2025-05-16T05:30:04+00:00\",\"dateModified\":\"2025-05-17T07:35:57+00:00\",\"description\":\"Du m\u00f6chtest mithelfen, das Haus der Sonne Wirklichkeit werden zu lassen? Hier erf\u00e4hrst du, wie du uns unterst\u00fctzen kannst \u2013 mit Zeit, Kontakten oder Spenden.\",\"breadcrumb\":{\"@id\":\"https:\/\/haus-der-sonne.info\/mitmachen-barrierefreier-familienurlaub\/#breadcrumb\"},\"inLanguage\":\"en-US\",\"potentialAction\":[{\"@type\":\"ReadAction\",\"target\":[\"https:\/\/haus-der-sonne.info\/mitmachen-barrierefreier-familienurlaub\/\"]}]},{\"@type\":\"BreadcrumbList\",\"@id\":\"https:\/\/haus-der-sonne.info\/mitmachen-barrierefreier-familienurlaub\/#breadcrumb\",\"itemListElement\":[{\"@type\":\"ListItem\",\"position\":1,\"name\":\"Startseite\",\"item\":\"https:\/\/haus-der-sonne.info\/\"},{\"@type\":\"ListItem\",\"position\":2,\"name\":\"Mitmachen\"}]},{\"@type\":\"WebSite\",\"@id\":\"https:\/\/haus-der-sonne.info\/#website\",\"url\":\"https:\/\/haus-der-sonne.info\/\",\"name\":\"Haus der Sonne\",\"description\":\"Maison du Soleil\",\"publisher\":{\"@id\":\"https:\/\/haus-der-sonne.info\/#\/schema\/person\/aea68ed6f86e4ccccbbf10fdb4d3c54e\"},\"alternateName\":\"Maison du Soleil\",\"potentialAction\":[{\"@type\":\"SearchAction\",\"target\":{\"@type\":\"EntryPoint\",\"urlTemplate\":\"https:\/\/haus-der-sonne.info\/?s={search_term_string}\"},\"query-input\":{\"@type\":\"PropertyValueSpecification\",\"valueRequired\":true,\"valueName\":\"search_term_string\"}}],\"inLanguage\":\"en-US\"},{\"@type\":[\"Person\",\"Organization\"],\"@id\":\"https:\/\/haus-der-sonne.info\/#\/schema\/person\/aea68ed6f86e4ccccbbf10fdb4d3c54e\",\"name\":\"Melanie\",\"image\":{\"@type\":\"ImageObject\",\"inLanguage\":\"en-US\",\"@id\":\"https:\/\/haus-der-sonne.info\/#\/schema\/person\/image\/\",\"url\":\"https:\/\/haus-der-sonne.info\/wp-content\/uploads\/2025\/05\/Logo-Haus-der-Sonne-Sonne.png\",\"contentUrl\":\"https:\/\/haus-der-sonne.info\/wp-content\/uploads\/2025\/05\/Logo-Haus-der-Sonne-Sonne.png\",\"width\":479,\"height\":501,\"caption\":\"Melanie\"},\"logo\":{\"@id\":\"https:\/\/haus-der-sonne.info\/#\/schema\/person\/image\/\"},\"sameAs\":[\"https:\/\/haus-der-sonne.info\"]}]}<\/script>\n<!-- \/ Yoast SEO plugin. -->","yoast_head_json":{"title":"Mitmachen \u2013 Unterst\u00fctze das Haus der Sonne","description":"Du m\u00f6chtest mithelfen, das Haus der Sonne Wirklichkeit werden zu lassen? Hier erf\u00e4hrst du, wie du uns unterst\u00fctzen kannst \u2013 mit Zeit, Kontakten oder Spenden.","robots":{"index":"index","follow":"follow","max-snippet":"max-snippet:-1","max-image-preview":"max-image-preview:large","max-video-preview":"max-video-preview:-1"},"canonical":"https:\/\/haus-der-sonne.info\/en\/mitmachen-barrierefreier-familienurlaub\/","og_locale":"en_US","og_type":"article","og_title":"Mitmachen \u2013 Unterst\u00fctze das Haus der Sonne","og_description":"Du m\u00f6chtest mithelfen, das Haus der Sonne Wirklichkeit werden zu lassen? Hier erf\u00e4hrst du, wie du uns unterst\u00fctzen kannst \u2013 mit Zeit, Kontakten oder Spenden.","og_url":"https:\/\/haus-der-sonne.info\/en\/mitmachen-barrierefreier-familienurlaub\/","article_modified_time":"2025-05-17T07:35:57+00:00","twitter_card":"summary_large_image","twitter_misc":{"Est. reading time":"1 minute"},"schema":{"@context":"https:\/\/schema.org","@graph":[{"@type":"WebPage","@id":"https:\/\/haus-der-sonne.info\/mitmachen-barrierefreier-familienurlaub\/","url":"https:\/\/haus-der-sonne.info\/mitmachen-barrierefreier-familienurlaub\/","name":"Mitmachen \u2013 Unterst\u00fctze das Haus der Sonne","isPartOf":{"@id":"https:\/\/haus-der-sonne.info\/#website"},"datePublished":"2025-05-16T05:30:04+00:00","dateModified":"2025-05-17T07:35:57+00:00","description":"Du m\u00f6chtest mithelfen, das Haus der Sonne Wirklichkeit werden zu lassen? Hier erf\u00e4hrst du, wie du uns unterst\u00fctzen kannst \u2013 mit Zeit, Kontakten oder Spenden.","breadcrumb":{"@id":"https:\/\/haus-der-sonne.info\/mitmachen-barrierefreier-familienurlaub\/#breadcrumb"},"inLanguage":"en-US","potentialAction":[{"@type":"ReadAction","target":["https:\/\/haus-der-sonne.info\/mitmachen-barrierefreier-familienurlaub\/"]}]},{"@type":"BreadcrumbList","@id":"https:\/\/haus-der-sonne.info\/mitmachen-barrierefreier-familienurlaub\/#breadcrumb","itemListElement":[{"@type":"ListItem","position":1,"name":"Startseite","item":"https:\/\/haus-der-sonne.info\/"},{"@type":"ListItem","position":2,"name":"Mitmachen"}]},{"@type":"WebSite","@id":"https:\/\/haus-der-sonne.info\/#website","url":"https:\/\/haus-der-sonne.info\/","name":"House of the Sun","description":"Maison du Soleil","publisher":{"@id":"https:\/\/haus-der-sonne.info\/#\/schema\/person\/aea68ed6f86e4ccccbbf10fdb4d3c54e"},"alternateName":"Maison du Soleil","potentialAction":[{"@type":"SearchAction","target":{"@type":"EntryPoint","urlTemplate":"https:\/\/haus-der-sonne.info\/?s={search_term_string}"},"query-input":{"@type":"PropertyValueSpecification","valueRequired":true,"valueName":"search_term_string"}}],"inLanguage":"en-US"},{"@type":["Person","Organization"],"@id":"https:\/\/haus-der-sonne.info\/#\/schema\/person\/aea68ed6f86e4ccccbbf10fdb4d3c54e","name":"Melanie","image":{"@type":"ImageObject","inLanguage":"en-US","@id":"https:\/\/haus-der-sonne.info\/#\/schema\/person\/image\/","url":"https:\/\/haus-der-sonne.info\/wp-content\/uploads\/2025\/05\/Logo-Haus-der-Sonne-Sonne.png","contentUrl":"https:\/\/haus-der-sonne.info\/wp-content\/uploads\/2025\/05\/Logo-Haus-der-Sonne-Sonne.png","width":479,"height":501,"caption":"Melanie"},"logo":{"@id":"https:\/\/haus-der-sonne.info\/#\/schema\/person\/image\/"},"sameAs":["https:\/\/haus-der-sonne.info"]}]}},"_links":{"self":[{"href":"https:\/\/haus-der-sonne.info\/en\/wp-json\/wp\/v2\/pages\/13","targetHints":{"allow":["GET"]}}],"collection":[{"href":"https:\/\/haus-der-sonne.info\/en\/wp-json\/wp\/v2\/pages"}],"about":[{"href":"https:\/\/haus-der-sonne.info\/en\/wp-json\/wp\/v2\/types\/page"}],"author":[{"embeddable":true,"href":"https:\/\/haus-der-sonne.info\/en\/wp-json\/wp\/v2\/users\/1"}],"replies":[{"embeddable":true,"href":"https:\/\/haus-der-sonne.info\/en\/wp-json\/wp\/v2\/comments?post=13"}],"version-history":[{"count":14,"href":"https:\/\/haus-der-sonne.info\/en\/wp-json\/wp\/v2\/pages\/13\/revisions"}],"predecessor-version":[{"id":187,"href":"https:\/\/haus-der-sonne.info\/en\/wp-json\/wp\/v2\/pages\/13\/revisions\/187"}],"wp:attachment":[{"href":"https:\/\/haus-der-sonne.info\/en\/wp-json\/wp\/v2\/media?parent=13"}],"curies":[{"name":"wp","href":"https:\/\/api.w.org\/{rel}","templated":true}]}}