{"id":15,"date":"2025-05-16T05:30:16","date_gmt":"2025-05-16T05:30:16","guid":{"rendered":"http:\/\/haus-der-sonne.info\/?page_id=15"},"modified":"2025-05-17T08:04:07","modified_gmt":"2025-05-17T06:04:07","slug":"kontakt-haus-der-sonne","status":"publish","type":"page","link":"https:\/\/haus-der-sonne.info\/en\/kontakt-haus-der-sonne\/","title":{"rendered":"Contact"},"content":{"rendered":"<div style=\"height:100px\" aria-hidden=\"true\" class=\"wp-block-spacer\"><\/div>\n\n\n\n<h1 class=\"wp-block-heading\">\ud83d\udcec <strong>Contact<\/strong><\/h1>\n\n\n\n<p>Interested in finding out more about the project?<br>Do you have questions, ideas, or want to support us?<\/p>\n\n\n\n<p>Drop us a message anytime \u2013 we\u2019re looking forward to connecting with you!<\/p>\n\n\n\n<style id=\"wpforms-css-vars-60\">\n\t\t\t\t#wpforms-60 {\n\t\t\t\t\n\t\t\t}\n\t\t\t<\/style><div class=\"wpforms-container wpforms-container-full wpforms-render-modern\" id=\"wpforms-60\"><form id=\"wpforms-form-60\" class=\"wpforms-validate wpforms-form wpforms-ajax-form\" data-formid=\"60\" method=\"post\" enctype=\"multipart\/form-data\" action=\"\/en\/wp-json\/wp\/v2\/pages\/15\" data-token=\"a7365581452850c391cd1ee650a0d9ec\" data-token-time=\"1776350538\" data-trp-original-action=\"\/en\/wp-json\/wp\/v2\/pages\/15\"><noscript class=\"wpforms-error-noscript\">Please enable JavaScript in your browser to complete this form.<\/noscript><div id=\"wpforms-error-noscript\" style=\"display: none;\">Please enable JavaScript in your browser to complete this form.<\/div><div class=\"wpforms-field-container\"><div id=\"wpforms-60-field_1-container\" class=\"wpforms-field wpforms-field-name\" data-field-id=\"1\"><fieldset><legend class=\"wpforms-field-label\">Name <span class=\"wpforms-required-label\" aria-hidden=\"true\">*<\/span><\/legend><div class=\"wpforms-field-row wpforms-field-medium\"><div class=\"wpforms-field-row-block wpforms-first wpforms-one-half\"><input type=\"text\" id=\"wpforms-60-field_1\" class=\"wpforms-field-name-first wpforms-field-required\" name=\"wpforms[fields][1][first]\" aria-errormessage=\"wpforms-60-field_1-error\" required><label for=\"wpforms-60-field_1\" class=\"wpforms-field-sublabel after\">First<\/label><\/div><div class=\"wpforms-field-row-block wpforms-one-half\"><input type=\"text\" id=\"wpforms-60-field_1-last\" class=\"wpforms-field-name-last wpforms-field-required\" name=\"wpforms[fields][1][last]\" aria-errormessage=\"wpforms-60-field_1-last-error\" required><label for=\"wpforms-60-field_1-last\" class=\"wpforms-field-sublabel after\">Last<\/label><\/div><\/div><\/fieldset><\/div>\t\t<div id=\"wpforms-60-field_4-container\"\n\t\t\tclass=\"wpforms-field wpforms-field-text\"\n\t\t\tdata-field-type=\"text\"\n\t\t\tdata-field-id=\"4\"\n\t\t\t>\n\t\t\t<label class=\"wpforms-field-label\" for=\"wpforms-60-field_4\" >oder E-Mail-Adresse Name<\/label>\n\t\t\t<input type=\"text\" id=\"wpforms-60-field_4\" class=\"wpforms-field-medium\" name=\"wpforms[fields][4]\" >\n\t\t<\/div>\n\t\t<div id=\"wpforms-60-field_2-container\" class=\"wpforms-field wpforms-field-email\" data-field-id=\"2\"><label class=\"wpforms-field-label\" for=\"wpforms-60-field_2\">Email address <span class=\"wpforms-required-label\" aria-hidden=\"true\">*<\/span><\/label><input type=\"email\" id=\"wpforms-60-field_2\" class=\"wpforms-field-medium wpforms-field-required\" name=\"wpforms[fields][2]\" spellcheck=\"false\" aria-errormessage=\"wpforms-60-field_2-error\" required><\/div><div id=\"wpforms-60-field_3-container\" class=\"wpforms-field wpforms-field-textarea\" data-field-id=\"3\"><label class=\"wpforms-field-label\" for=\"wpforms-60-field_3\">Feedback or message<\/label><textarea id=\"wpforms-60-field_3\" class=\"wpforms-field-medium\" name=\"wpforms[fields][3]\" aria-errormessage=\"wpforms-60-field_3-error\" ><\/textarea><\/div><script>\n\t\t\t\t( function() {\n\t\t\t\t\tconst style = document.createElement( 'style' );\n\t\t\t\t\tstyle.appendChild( document.createTextNode( '#wpforms-60-field_4-container { position: absolute !important; overflow: hidden !important; display: inline !important; height: 1px !important; width: 1px !important; z-index: -1000 !important; padding: 0 !important; } #wpforms-60-field_4-container input { visibility: hidden; } #wpforms-conversational-form-page #wpforms-60-field_4-container label { counter-increment: none; }' ) );\n\t\t\t\t\tdocument.head.appendChild( style );\n\t\t\t\t\tdocument.currentScript?.remove();\n\t\t\t\t} )();\n\t\t\t<\/script><\/div><!-- .wpforms-field-container --><div class=\"wpforms-submit-container\" ><input type=\"hidden\" name=\"wpforms[id]\" value=\"60\"><input type=\"hidden\" name=\"page_title\" value=\"\"><input type=\"hidden\" name=\"page_url\" value=\"https:\/\/haus-der-sonne.info\/en\/wp-json\/wp\/v2\/pages\/15\"><input type=\"hidden\" name=\"url_referer\" value=\"\"><button type=\"submit\" name=\"wpforms[submit]\" id=\"wpforms-submit-60\" class=\"wpforms-submit\" data-alt-text=\"Wird gesendet\u00a0\u2026\" data-submit-text=\"Absenden\" aria-live=\"assertive\" value=\"wpforms-submit\">Send<\/button><img loading=\"lazy\" decoding=\"async\" src=\"https:\/\/haus-der-sonne.info\/wp-content\/plugins\/wpforms-lite\/assets\/images\/submit-spin.svg\" class=\"wpforms-submit-spinner\" style=\"display: none;\" width=\"26\" height=\"26\" alt=\"Loading\"><\/div><input type=\"hidden\" name=\"trp-form-language\" value=\"en\"\/><\/form><\/div>  <!-- .wpforms-container -->\n\n\n\n<p><strong>Contact person:<\/strong><br><strong>Melanie Martin<\/strong><\/p>\n\n\n\n<p><\/p>","protected":false},"excerpt":{"rendered":"<p>\ud83d\udcec Kontakt Du m\u00f6chtest mehr \u00fcber das Projekt erfahren?Du hast Fragen, Ideen oder m\u00f6chtest uns unterst\u00fctzen? Dann schreib uns gern [&hellip;]<\/p>","protected":false},"author":1,"featured_media":0,"parent":0,"menu_order":0,"comment_status":"closed","ping_status":"closed","template":"","meta":{"site-sidebar-layout":"default","site-content-layout":"","ast-site-content-layout":"","site-content-style":"default","site-sidebar-style":"default","ast-global-header-display":"","ast-banner-title-visibility":"","ast-main-header-display":"","ast-hfb-above-header-display":"","ast-hfb-below-header-display":"","ast-hfb-mobile-header-display":"","site-post-title":"disabled","ast-breadcrumbs-content":"","ast-featured-img":"","footer-sml-layout":"","theme-transparent-header-meta":"","adv-header-id-meta":"","stick-header-meta":"","header-above-stick-meta":"","header-main-stick-meta":"","header-below-stick-meta":"","astra-migrate-meta-layouts":"default","ast-page-background-enabled":"default","ast-page-background-meta":{"desktop":{"background-color":"var(--ast-global-color-5)","background-image":"","background-repeat":"repeat","background-position":"center center","background-size":"auto","background-attachment":"scroll","background-type":"","background-media":"","overlay-type":"","overlay-color":"","overlay-opacity":"","overlay-gradient":""},"tablet":{"background-color":"","background-image":"","background-repeat":"repeat","background-position":"center center","background-size":"auto","background-attachment":"scroll","background-type":"","background-media":"","overlay-type":"","overlay-color":"","overlay-opacity":"","overlay-gradient":""},"mobile":{"background-color":"","background-image":"","background-repeat":"repeat","background-position":"center center","background-size":"auto","background-attachment":"scroll","background-type":"","background-media":"","overlay-type":"","overlay-color":"","overlay-opacity":"","overlay-gradient":""}},"ast-content-background-meta":{"desktop":{"background-color":"var(--ast-global-color-4)","background-image":"","background-repeat":"repeat","background-position":"center center","background-size":"auto","background-attachment":"scroll","background-type":"","background-media":"","overlay-type":"","overlay-color":"","overlay-opacity":"","overlay-gradient":""},"tablet":{"background-color":"var(--ast-global-color-4)","background-image":"","background-repeat":"repeat","background-position":"center center","background-size":"auto","background-attachment":"scroll","background-type":"","background-media":"","overlay-type":"","overlay-color":"","overlay-opacity":"","overlay-gradient":""},"mobile":{"background-color":"var(--ast-global-color-4)","background-image":"","background-repeat":"repeat","background-position":"center center","background-size":"auto","background-attachment":"scroll","background-type":"","background-media":"","overlay-type":"","overlay-color":"","overlay-opacity":"","overlay-gradient":""}},"footnotes":""},"class_list":["post-15","page","type-page","status-publish","hentry"],"yoast_head":"<!-- This site is optimized with the Yoast SEO plugin v26.5 - https:\/\/yoast.com\/wordpress\/plugins\/seo\/ -->\n<title>Kontakt \u2013 Maison du Soleil: Dein Weg zu uns<\/title>\n<meta name=\"description\" content=\"Du hast Fragen zum Haus der Sonne? Schreib uns oder ruf uns an! Wir freuen uns \u00fcber jede Nachricht rund um das Projekt und barrierefreien Familienurlaub in Frankreich.\" \/>\n<meta name=\"robots\" content=\"index, follow, max-snippet:-1, max-image-preview:large, max-video-preview:-1\" \/>\n<link rel=\"canonical\" href=\"https:\/\/haus-der-sonne.info\/en\/kontakt-haus-der-sonne\/\" \/>\n<meta property=\"og:locale\" content=\"en_US\" \/>\n<meta property=\"og:type\" content=\"article\" \/>\n<meta property=\"og:title\" content=\"Kontakt \u2013 Maison du Soleil: Dein Weg zu uns\" \/>\n<meta property=\"og:description\" content=\"Du hast Fragen zum Haus der Sonne? Schreib uns oder ruf uns an! Wir freuen uns \u00fcber jede Nachricht rund um das Projekt und barrierefreien Familienurlaub in Frankreich.\" \/>\n<meta property=\"og:url\" content=\"https:\/\/haus-der-sonne.info\/en\/kontakt-haus-der-sonne\/\" \/>\n<meta property=\"article:modified_time\" content=\"2025-05-17T06:04:07+00:00\" \/>\n<meta name=\"twitter:card\" content=\"summary_large_image\" \/>\n<meta name=\"twitter:label1\" content=\"Est. reading time\" \/>\n\t<meta name=\"twitter:data1\" content=\"1 minute\" \/>\n<script type=\"application\/ld+json\" class=\"yoast-schema-graph\">{\"@context\":\"https:\/\/schema.org\",\"@graph\":[{\"@type\":\"WebPage\",\"@id\":\"https:\/\/haus-der-sonne.info\/kontakt-haus-der-sonne\/\",\"url\":\"https:\/\/haus-der-sonne.info\/kontakt-haus-der-sonne\/\",\"name\":\"Kontakt \u2013 Maison du Soleil: Dein Weg zu uns\",\"isPartOf\":{\"@id\":\"https:\/\/haus-der-sonne.info\/#website\"},\"datePublished\":\"2025-05-16T05:30:16+00:00\",\"dateModified\":\"2025-05-17T06:04:07+00:00\",\"description\":\"Du hast Fragen zum Haus der Sonne? Schreib uns oder ruf uns an! Wir freuen uns \u00fcber jede Nachricht rund um das Projekt und barrierefreien Familienurlaub in Frankreich.\",\"breadcrumb\":{\"@id\":\"https:\/\/haus-der-sonne.info\/kontakt-haus-der-sonne\/#breadcrumb\"},\"inLanguage\":\"en-US\",\"potentialAction\":[{\"@type\":\"ReadAction\",\"target\":[\"https:\/\/haus-der-sonne.info\/kontakt-haus-der-sonne\/\"]}]},{\"@type\":\"BreadcrumbList\",\"@id\":\"https:\/\/haus-der-sonne.info\/kontakt-haus-der-sonne\/#breadcrumb\",\"itemListElement\":[{\"@type\":\"ListItem\",\"position\":1,\"name\":\"Startseite\",\"item\":\"https:\/\/haus-der-sonne.info\/\"},{\"@type\":\"ListItem\",\"position\":2,\"name\":\"Kontakt\"}]},{\"@type\":\"WebSite\",\"@id\":\"https:\/\/haus-der-sonne.info\/#website\",\"url\":\"https:\/\/haus-der-sonne.info\/\",\"name\":\"Haus der Sonne\",\"description\":\"Maison du Soleil\",\"publisher\":{\"@id\":\"https:\/\/haus-der-sonne.info\/#\/schema\/person\/aea68ed6f86e4ccccbbf10fdb4d3c54e\"},\"alternateName\":\"Maison du Soleil\",\"potentialAction\":[{\"@type\":\"SearchAction\",\"target\":{\"@type\":\"EntryPoint\",\"urlTemplate\":\"https:\/\/haus-der-sonne.info\/?s={search_term_string}\"},\"query-input\":{\"@type\":\"PropertyValueSpecification\",\"valueRequired\":true,\"valueName\":\"search_term_string\"}}],\"inLanguage\":\"en-US\"},{\"@type\":[\"Person\",\"Organization\"],\"@id\":\"https:\/\/haus-der-sonne.info\/#\/schema\/person\/aea68ed6f86e4ccccbbf10fdb4d3c54e\",\"name\":\"Melanie\",\"image\":{\"@type\":\"ImageObject\",\"inLanguage\":\"en-US\",\"@id\":\"https:\/\/haus-der-sonne.info\/#\/schema\/person\/image\/\",\"url\":\"https:\/\/haus-der-sonne.info\/wp-content\/uploads\/2025\/05\/Logo-Haus-der-Sonne-Sonne.png\",\"contentUrl\":\"https:\/\/haus-der-sonne.info\/wp-content\/uploads\/2025\/05\/Logo-Haus-der-Sonne-Sonne.png\",\"width\":479,\"height\":501,\"caption\":\"Melanie\"},\"logo\":{\"@id\":\"https:\/\/haus-der-sonne.info\/#\/schema\/person\/image\/\"},\"sameAs\":[\"https:\/\/haus-der-sonne.info\"]}]}<\/script>\n<!-- \/ Yoast SEO plugin. -->","yoast_head_json":{"title":"Kontakt \u2013 Maison du Soleil: Dein Weg zu uns","description":"Du hast Fragen zum Haus der Sonne? Schreib uns oder ruf uns an! Wir freuen uns \u00fcber jede Nachricht rund um das Projekt und barrierefreien Familienurlaub in Frankreich.","robots":{"index":"index","follow":"follow","max-snippet":"max-snippet:-1","max-image-preview":"max-image-preview:large","max-video-preview":"max-video-preview:-1"},"canonical":"https:\/\/haus-der-sonne.info\/en\/kontakt-haus-der-sonne\/","og_locale":"en_US","og_type":"article","og_title":"Kontakt \u2013 Maison du Soleil: Dein Weg zu uns","og_description":"Du hast Fragen zum Haus der Sonne? Schreib uns oder ruf uns an! Wir freuen uns \u00fcber jede Nachricht rund um das Projekt und barrierefreien Familienurlaub in Frankreich.","og_url":"https:\/\/haus-der-sonne.info\/en\/kontakt-haus-der-sonne\/","article_modified_time":"2025-05-17T06:04:07+00:00","twitter_card":"summary_large_image","twitter_misc":{"Est. reading time":"1 minute"},"schema":{"@context":"https:\/\/schema.org","@graph":[{"@type":"WebPage","@id":"https:\/\/haus-der-sonne.info\/kontakt-haus-der-sonne\/","url":"https:\/\/haus-der-sonne.info\/kontakt-haus-der-sonne\/","name":"Kontakt \u2013 Maison du Soleil: Dein Weg zu uns","isPartOf":{"@id":"https:\/\/haus-der-sonne.info\/#website"},"datePublished":"2025-05-16T05:30:16+00:00","dateModified":"2025-05-17T06:04:07+00:00","description":"Du hast Fragen zum Haus der Sonne? Schreib uns oder ruf uns an! Wir freuen uns \u00fcber jede Nachricht rund um das Projekt und barrierefreien Familienurlaub in Frankreich.","breadcrumb":{"@id":"https:\/\/haus-der-sonne.info\/kontakt-haus-der-sonne\/#breadcrumb"},"inLanguage":"en-US","potentialAction":[{"@type":"ReadAction","target":["https:\/\/haus-der-sonne.info\/kontakt-haus-der-sonne\/"]}]},{"@type":"BreadcrumbList","@id":"https:\/\/haus-der-sonne.info\/kontakt-haus-der-sonne\/#breadcrumb","itemListElement":[{"@type":"ListItem","position":1,"name":"Startseite","item":"https:\/\/haus-der-sonne.info\/"},{"@type":"ListItem","position":2,"name":"Kontakt"}]},{"@type":"WebSite","@id":"https:\/\/haus-der-sonne.info\/#website","url":"https:\/\/haus-der-sonne.info\/","name":"House of the Sun","description":"Maison du Soleil","publisher":{"@id":"https:\/\/haus-der-sonne.info\/#\/schema\/person\/aea68ed6f86e4ccccbbf10fdb4d3c54e"},"alternateName":"Maison du Soleil","potentialAction":[{"@type":"SearchAction","target":{"@type":"EntryPoint","urlTemplate":"https:\/\/haus-der-sonne.info\/?s={search_term_string}"},"query-input":{"@type":"PropertyValueSpecification","valueRequired":true,"valueName":"search_term_string"}}],"inLanguage":"en-US"},{"@type":["Person","Organization"],"@id":"https:\/\/haus-der-sonne.info\/#\/schema\/person\/aea68ed6f86e4ccccbbf10fdb4d3c54e","name":"Melanie","image":{"@type":"ImageObject","inLanguage":"en-US","@id":"https:\/\/haus-der-sonne.info\/#\/schema\/person\/image\/","url":"https:\/\/haus-der-sonne.info\/wp-content\/uploads\/2025\/05\/Logo-Haus-der-Sonne-Sonne.png","contentUrl":"https:\/\/haus-der-sonne.info\/wp-content\/uploads\/2025\/05\/Logo-Haus-der-Sonne-Sonne.png","width":479,"height":501,"caption":"Melanie"},"logo":{"@id":"https:\/\/haus-der-sonne.info\/#\/schema\/person\/image\/"},"sameAs":["https:\/\/haus-der-sonne.info"]}]}},"_links":{"self":[{"href":"https:\/\/haus-der-sonne.info\/en\/wp-json\/wp\/v2\/pages\/15","targetHints":{"allow":["GET"]}}],"collection":[{"href":"https:\/\/haus-der-sonne.info\/en\/wp-json\/wp\/v2\/pages"}],"about":[{"href":"https:\/\/haus-der-sonne.info\/en\/wp-json\/wp\/v2\/types\/page"}],"author":[{"embeddable":true,"href":"https:\/\/haus-der-sonne.info\/en\/wp-json\/wp\/v2\/users\/1"}],"replies":[{"embeddable":true,"href":"https:\/\/haus-der-sonne.info\/en\/wp-json\/wp\/v2\/comments?post=15"}],"version-history":[{"count":5,"href":"https:\/\/haus-der-sonne.info\/en\/wp-json\/wp\/v2\/pages\/15\/revisions"}],"predecessor-version":[{"id":64,"href":"https:\/\/haus-der-sonne.info\/en\/wp-json\/wp\/v2\/pages\/15\/revisions\/64"}],"wp:attachment":[{"href":"https:\/\/haus-der-sonne.info\/en\/wp-json\/wp\/v2\/media?parent=15"}],"curies":[{"name":"wp","href":"https:\/\/api.w.org\/{rel}","templated":true}]}}