{"id":65,"date":"2025-05-16T08:55:09","date_gmt":"2025-05-16T06:55:09","guid":{"rendered":"https:\/\/haus-der-sonne.info\/?page_id=65"},"modified":"2025-05-20T08:24:01","modified_gmt":"2025-05-20T06:24:01","slug":"timeline-projekt-hds","status":"publish","type":"page","link":"https:\/\/haus-der-sonne.info\/en\/timeline-projekt-hds\/","title":{"rendered":"Roadmap"},"content":{"rendered":"<!-- If both -->\n\t<ul>\n\t\t\t\t<li>\n\t\t\t\t\t\t<!--date-->\n\t\t\t\t\tMay 16, 2025\t\t\t\t\n\t\t\t<!--\/.date-->\n\t\t\t<!--icon-->\n\t\t\t<!--\/.icon-->\n\t\t\t<!--Timline-Content-->\n\t\t\t\t\t<!--Timline-Title-->\n\t\t\t\t\t<h3>\n\t\t\t\t\t\tBeginning of 2024\t\t\t\t\t<\/h3>\n\t\t\t\t\t<!--\/.Timline-Title-->\n\t\t\t\t\t<!--Timline-description-->\n\t\t\t\t\t<p><strong data-start=\"378\" data-end=\"400\">The concept is beginning to form.<\/strong><br data-start=\"400\" data-end=\"403\" \/>Aus unserer eigenen Geschichte heraus entsteht der Wunsch, einen barrierefreien R\u00fcckzugsort f\u00fcr Familien mit behinderten Kindern zu schaffen &#8211; in Frankreich, naturnah und liebevoll gef\u00fchrt<\/p>\n\t\t\t\t\t<!--\/.Timline-description-->\n\t\t\t<!--\/.Timline-Content-->\n\t\t<\/li>\n\t\t\t\t<li>\n\t\t\t\t\t\t<!--date-->\n\t\t\t\t\tMay 16, 2025\t\t\t\t\n\t\t\t<!--\/.date-->\n\t\t\t<!--icon-->\n\t\t\t<!--\/.icon-->\n\t\t\t<!--Timline-Content-->\n\t\t\t\t\t<!--Timline-Title-->\n\t\t\t\t\t<h3>\n\t\t\t\t\t\tIn the middle of 2024\t\t\t\t\t<\/h3>\n\t\t\t\t\t<!--\/.Timline-Title-->\n\t\t\t\t\t<!--Timline-description-->\n\t\t\t\t\t<p><strong data-start=\"621\" data-end=\"644\">The concept is growing.<\/strong><br data-start=\"644\" data-end=\"647\" \/>We are beginning to organize our thoughts and develop a project concept. The project receives its name:<br data-start=\"799\" data-end=\"802\" \/>\ud83d\udc49 <strong data-start=\"805\" data-end=\"839\">Maison du Soleil &#8211; Haus der Sonne<\/strong><\/p>\n\t\t\t\t\t<!--\/.Timline-description-->\n\t\t\t<!--\/.Timline-Content-->\n\t\t<\/li>\n\t\t\t\t<li>\n\t\t\t\t\t\t<!--date-->\n\t\t\t\t\tMay 16, 2025\t\t\t\t\n\t\t\t<!--\/.date-->\n\t\t\t<!--icon-->\n\t\t\t<!--\/.icon-->\n\t\t\t<!--Timline-Content-->\n\t\t\t\t\t<!--Timline-Title-->\n\t\t\t\t\t<h3>\n\t\t\t\t\t\tMay 2025\t\t\t\t\t<\/h3>\n\t\t\t\t\t<!--\/.Timline-Title-->\n\t\t\t\t\t<!--Timline-description-->\n\t\t\t\t\t<p>Our Website <a href=\"http:\/\/haus-der-sonne.info\/en\/\" target=\"_new\" rel=\"noopener\" data-start=\"913\" data-end=\"962\">haus-der-sonne.info<\/a> get online.<br data-start=\"975\" data-end=\"978\" \/>One day earlier, we will start our presentation on <a href=\"https:\/\/www.goodcrowd.org\/maison-soleil-haus-der-sonne-rien-mit-herz\">GoodCrowd.org<\/a> &#8211; die Spendenkampagne wird vorbereitet.Unser Konzeptpapier wird erstellt, um das Projekt f\u00fcr F\u00f6rderstellen, Stiftungen und Unterst\u00fctzer:innen klar darzustellen.<\/p>\n\t\t\t\t\t<!--\/.Timline-description-->\n\t\t\t<!--\/.Timline-Content-->\n\t\t<\/li>\n\t\t\t\t<li>\n\t\t\t\t\t\t<!--date-->\n\t\t\t\t\tMay 16, 2025\t\t\t\t\n\t\t\t<!--\/.date-->\n\t\t\t<!--icon-->\n\t\t\t<!--\/.icon-->\n\t\t\t<!--Timline-Content-->\n\t\t\t\t\t<!--Timline-Title-->\n\t\t\t\t\t<h3>\n\t\t\t\t\t\t June 2025 (planned)\t\t\t\t\t<\/h3>\n\t\t\t\t\t<!--\/.Timline-Title-->\n\t\t\t\t\t<!--Timline-description-->\n\t\t\t\t\t<p><strong data-start=\"648\" data-end=\"708\">Start of outreach to potential donors<\/strong><br data-start=\"708\" data-end=\"711\" \/>Following the completion of the flyer, we will launch focused communication efforts aimed at potential supporters from various sectors.<\/p>\n\t\t\t\t\t<!--\/.Timline-description-->\n\t\t\t<!--\/.Timline-Content-->\n\t\t<\/li>\n\t\t\t\t<li>\n\t\t\t\t\t\t<!--date-->\n\t\t\t\t\tMay 16, 2025\t\t\t\t\n\t\t\t<!--\/.date-->\n\t\t\t<!--icon-->\n\t\t\t<!--\/.icon-->\n\t\t\t<!--Timline-Content-->\n\t\t\t\t\t<!--Timline-Title-->\n\t\t\t\t\t<h3>\n\t\t\t\t\t\tAugust 2025 (planned)\t\t\t\t\t<\/h3>\n\t\t\t\t\t<!--\/.Timline-Title-->\n\t\t\t\t\t<!--Timline-description-->\n\t\t\t\t\t<p><strong data-start=\"890\" data-end=\"926\">Start of public relations activities<\/strong><br data-start=\"926\" data-end=\"929\" \/>Flyer, Social Media, Newsletter &amp; Gespr\u00e4che &#8211; wir machen das Projekt sichtbarer und beginnen, ein Netzwerk aufzubauen.<\/p>\n\t\t\t\t\t<!--\/.Timline-description-->\n\t\t\t<!--\/.Timline-Content-->\n\t\t<\/li>\n\t\t\t\t<li>\n\t\t\t\t\t\t<!--date-->\n\t\t\t\t\tMay 16, 2025\t\t\t\t\n\t\t\t<!--\/.date-->\n\t\t\t<!--icon-->\n\t\t\t<!--\/.icon-->\n\t\t\t<!--Timline-Content-->\n\t\t\t\t\t<!--Timline-Title-->\n\t\t\t\t\t<h3>\n\t\t\t\t\t\tAutumn 2025 (planned)\t\t\t\t\t<\/h3>\n\t\t\t\t\t<!--\/.Timline-Title-->\n\t\t\t\t\t<!--Timline-description-->\n\t\t\t\t\t<p><strong data-start=\"243\" data-end=\"278\">Start of active fundraising efforts<\/strong><br data-start=\"278\" data-end=\"281\" \/>Nach der Vorbereitungsphase beginnen wir, gezielt Unterst\u00fctzer:innen f\u00fcr die ersten Finanzierungsschritte zu gewinnen &#8211; offen, transparent und Schritt f\u00fcr Schritt.<\/p>\n\t\t\t\t\t<!--\/.Timline-description-->\n\t\t\t<!--\/.Timline-Content-->\n\t\t<\/li>\n\t\t\t<\/ul>","protected":false},"excerpt":{"rendered":"<p>May 16, 2025 Anfang 2024 Die Idee entsteht.Aus unserer eigenen Geschichte heraus entsteht der Wunsch, einen barrierefreien R\u00fcckzugsort f\u00fcr Familien [&hellip;]<\/p>","protected":false},"author":1,"featured_media":0,"parent":0,"menu_order":0,"comment_status":"closed","ping_status":"closed","template":"","meta":{"site-sidebar-layout":"default","site-content-layout":"","ast-site-content-layout":"","site-content-style":"default","site-sidebar-style":"default","ast-global-header-display":"","ast-banner-title-visibility":"","ast-main-header-display":"","ast-hfb-above-header-display":"","ast-hfb-below-header-display":"","ast-hfb-mobile-header-display":"","site-post-title":"disabled","ast-breadcrumbs-content":"","ast-featured-img":"","footer-sml-layout":"","theme-transparent-header-meta":"","adv-header-id-meta":"","stick-header-meta":"","header-above-stick-meta":"","header-main-stick-meta":"","header-below-stick-meta":"","astra-migrate-meta-layouts":"default","ast-page-background-enabled":"default","ast-page-background-meta":{"desktop":{"background-color":"var(--ast-global-color-5)","background-image":"","background-repeat":"repeat","background-position":"center center","background-size":"auto","background-attachment":"scroll","background-type":"","background-media":"","overlay-type":"","overlay-color":"","overlay-opacity":"","overlay-gradient":""},"tablet":{"background-color":"","background-image":"","background-repeat":"repeat","background-position":"center center","background-size":"auto","background-attachment":"scroll","background-type":"","background-media":"","overlay-type":"","overlay-color":"","overlay-opacity":"","overlay-gradient":""},"mobile":{"background-color":"","background-image":"","background-repeat":"repeat","background-position":"center center","background-size":"auto","background-attachment":"scroll","background-type":"","background-media":"","overlay-type":"","overlay-color":"","overlay-opacity":"","overlay-gradient":""}},"ast-content-background-meta":{"desktop":{"background-color":"var(--ast-global-color-4)","background-image":"","background-repeat":"repeat","background-position":"center center","background-size":"auto","background-attachment":"scroll","background-type":"","background-media":"","overlay-type":"","overlay-color":"","overlay-opacity":"","overlay-gradient":""},"tablet":{"background-color":"var(--ast-global-color-4)","background-image":"","background-repeat":"repeat","background-position":"center center","background-size":"auto","background-attachment":"scroll","background-type":"","background-media":"","overlay-type":"","overlay-color":"","overlay-opacity":"","overlay-gradient":""},"mobile":{"background-color":"var(--ast-global-color-4)","background-image":"","background-repeat":"repeat","background-position":"center center","background-size":"auto","background-attachment":"scroll","background-type":"","background-media":"","overlay-type":"","overlay-color":"","overlay-opacity":"","overlay-gradient":""}},"footnotes":""},"class_list":["post-65","page","type-page","status-publish","hentry"],"yoast_head":"<!-- This site is optimized with the Yoast SEO plugin v26.5 - https:\/\/yoast.com\/wordpress\/plugins\/seo\/ -->\n<title>Timeline \u2013 So entsteht das Haus der Sonne<\/title>\n<meta name=\"description\" content=\"Von der Idee bis zur Er\u00f6ffnung: Hier siehst du, wann das Haus der Sonne f\u00fcr Familien mit behinderten Kindern in Frankreich Wirklichkeit wird.\" \/>\n<meta name=\"robots\" content=\"index, follow, max-snippet:-1, max-image-preview:large, max-video-preview:-1\" \/>\n<link rel=\"canonical\" href=\"https:\/\/haus-der-sonne.info\/en\/timeline-projekt-hds\/\" \/>\n<meta property=\"og:locale\" content=\"en_US\" \/>\n<meta property=\"og:type\" content=\"article\" \/>\n<meta property=\"og:title\" content=\"Timeline \u2013 So entsteht das Haus der Sonne\" \/>\n<meta property=\"og:description\" content=\"Von der Idee bis zur Er\u00f6ffnung: Hier siehst du, wann das Haus der Sonne f\u00fcr Familien mit behinderten Kindern in Frankreich Wirklichkeit wird.\" \/>\n<meta property=\"og:url\" content=\"https:\/\/haus-der-sonne.info\/en\/timeline-projekt-hds\/\" \/>\n<meta property=\"article:modified_time\" content=\"2025-05-20T06:24:01+00:00\" \/>\n<meta name=\"twitter:card\" content=\"summary_large_image\" \/>\n<meta name=\"twitter:label1\" content=\"Est. reading time\" \/>\n\t<meta name=\"twitter:data1\" content=\"2 minutes\" \/>\n<script type=\"application\/ld+json\" class=\"yoast-schema-graph\">{\"@context\":\"https:\/\/schema.org\",\"@graph\":[{\"@type\":\"WebPage\",\"@id\":\"https:\/\/haus-der-sonne.info\/timeline-projekt-hds\/\",\"url\":\"https:\/\/haus-der-sonne.info\/timeline-projekt-hds\/\",\"name\":\"Timeline \u2013 So entsteht das Haus der Sonne\",\"isPartOf\":{\"@id\":\"https:\/\/haus-der-sonne.info\/#website\"},\"datePublished\":\"2025-05-16T06:55:09+00:00\",\"dateModified\":\"2025-05-20T06:24:01+00:00\",\"description\":\"Von der Idee bis zur Er\u00f6ffnung: Hier siehst du, wann das Haus der Sonne f\u00fcr Familien mit behinderten Kindern in Frankreich Wirklichkeit wird.\",\"breadcrumb\":{\"@id\":\"https:\/\/haus-der-sonne.info\/timeline-projekt-hds\/#breadcrumb\"},\"inLanguage\":\"en-US\",\"potentialAction\":[{\"@type\":\"ReadAction\",\"target\":[\"https:\/\/haus-der-sonne.info\/timeline-projekt-hds\/\"]}]},{\"@type\":\"BreadcrumbList\",\"@id\":\"https:\/\/haus-der-sonne.info\/timeline-projekt-hds\/#breadcrumb\",\"itemListElement\":[{\"@type\":\"ListItem\",\"position\":1,\"name\":\"Startseite\",\"item\":\"https:\/\/haus-der-sonne.info\/\"},{\"@type\":\"ListItem\",\"position\":2,\"name\":\"Timeline\"}]},{\"@type\":\"WebSite\",\"@id\":\"https:\/\/haus-der-sonne.info\/#website\",\"url\":\"https:\/\/haus-der-sonne.info\/\",\"name\":\"Haus der Sonne\",\"description\":\"Maison du Soleil\",\"publisher\":{\"@id\":\"https:\/\/haus-der-sonne.info\/#\/schema\/person\/aea68ed6f86e4ccccbbf10fdb4d3c54e\"},\"alternateName\":\"Maison du Soleil\",\"potentialAction\":[{\"@type\":\"SearchAction\",\"target\":{\"@type\":\"EntryPoint\",\"urlTemplate\":\"https:\/\/haus-der-sonne.info\/?s={search_term_string}\"},\"query-input\":{\"@type\":\"PropertyValueSpecification\",\"valueRequired\":true,\"valueName\":\"search_term_string\"}}],\"inLanguage\":\"en-US\"},{\"@type\":[\"Person\",\"Organization\"],\"@id\":\"https:\/\/haus-der-sonne.info\/#\/schema\/person\/aea68ed6f86e4ccccbbf10fdb4d3c54e\",\"name\":\"Melanie\",\"image\":{\"@type\":\"ImageObject\",\"inLanguage\":\"en-US\",\"@id\":\"https:\/\/haus-der-sonne.info\/#\/schema\/person\/image\/\",\"url\":\"https:\/\/haus-der-sonne.info\/wp-content\/uploads\/2025\/05\/Logo-Haus-der-Sonne-Sonne.png\",\"contentUrl\":\"https:\/\/haus-der-sonne.info\/wp-content\/uploads\/2025\/05\/Logo-Haus-der-Sonne-Sonne.png\",\"width\":479,\"height\":501,\"caption\":\"Melanie\"},\"logo\":{\"@id\":\"https:\/\/haus-der-sonne.info\/#\/schema\/person\/image\/\"},\"sameAs\":[\"https:\/\/haus-der-sonne.info\"]}]}<\/script>\n<!-- \/ Yoast SEO plugin. -->","yoast_head_json":{"title":"Timeline \u2013 So entsteht das Haus der Sonne","description":"Von der Idee bis zur Er\u00f6ffnung: Hier siehst du, wann das Haus der Sonne f\u00fcr Familien mit behinderten Kindern in Frankreich Wirklichkeit wird.","robots":{"index":"index","follow":"follow","max-snippet":"max-snippet:-1","max-image-preview":"max-image-preview:large","max-video-preview":"max-video-preview:-1"},"canonical":"https:\/\/haus-der-sonne.info\/en\/timeline-projekt-hds\/","og_locale":"en_US","og_type":"article","og_title":"Timeline \u2013 So entsteht das Haus der Sonne","og_description":"Von der Idee bis zur Er\u00f6ffnung: Hier siehst du, wann das Haus der Sonne f\u00fcr Familien mit behinderten Kindern in Frankreich Wirklichkeit wird.","og_url":"https:\/\/haus-der-sonne.info\/en\/timeline-projekt-hds\/","article_modified_time":"2025-05-20T06:24:01+00:00","twitter_card":"summary_large_image","twitter_misc":{"Est. reading time":"2 minutes"},"schema":{"@context":"https:\/\/schema.org","@graph":[{"@type":"WebPage","@id":"https:\/\/haus-der-sonne.info\/timeline-projekt-hds\/","url":"https:\/\/haus-der-sonne.info\/timeline-projekt-hds\/","name":"Timeline \u2013 So entsteht das Haus der Sonne","isPartOf":{"@id":"https:\/\/haus-der-sonne.info\/#website"},"datePublished":"2025-05-16T06:55:09+00:00","dateModified":"2025-05-20T06:24:01+00:00","description":"Von der Idee bis zur Er\u00f6ffnung: Hier siehst du, wann das Haus der Sonne f\u00fcr Familien mit behinderten Kindern in Frankreich Wirklichkeit wird.","breadcrumb":{"@id":"https:\/\/haus-der-sonne.info\/timeline-projekt-hds\/#breadcrumb"},"inLanguage":"en-US","potentialAction":[{"@type":"ReadAction","target":["https:\/\/haus-der-sonne.info\/timeline-projekt-hds\/"]}]},{"@type":"BreadcrumbList","@id":"https:\/\/haus-der-sonne.info\/timeline-projekt-hds\/#breadcrumb","itemListElement":[{"@type":"ListItem","position":1,"name":"Startseite","item":"https:\/\/haus-der-sonne.info\/"},{"@type":"ListItem","position":2,"name":"Timeline"}]},{"@type":"WebSite","@id":"https:\/\/haus-der-sonne.info\/#website","url":"https:\/\/haus-der-sonne.info\/","name":"House of the Sun","description":"Maison du Soleil","publisher":{"@id":"https:\/\/haus-der-sonne.info\/#\/schema\/person\/aea68ed6f86e4ccccbbf10fdb4d3c54e"},"alternateName":"Maison du Soleil","potentialAction":[{"@type":"SearchAction","target":{"@type":"EntryPoint","urlTemplate":"https:\/\/haus-der-sonne.info\/?s={search_term_string}"},"query-input":{"@type":"PropertyValueSpecification","valueRequired":true,"valueName":"search_term_string"}}],"inLanguage":"en-US"},{"@type":["Person","Organization"],"@id":"https:\/\/haus-der-sonne.info\/#\/schema\/person\/aea68ed6f86e4ccccbbf10fdb4d3c54e","name":"Melanie","image":{"@type":"ImageObject","inLanguage":"en-US","@id":"https:\/\/haus-der-sonne.info\/#\/schema\/person\/image\/","url":"https:\/\/haus-der-sonne.info\/wp-content\/uploads\/2025\/05\/Logo-Haus-der-Sonne-Sonne.png","contentUrl":"https:\/\/haus-der-sonne.info\/wp-content\/uploads\/2025\/05\/Logo-Haus-der-Sonne-Sonne.png","width":479,"height":501,"caption":"Melanie"},"logo":{"@id":"https:\/\/haus-der-sonne.info\/#\/schema\/person\/image\/"},"sameAs":["https:\/\/haus-der-sonne.info"]}]}},"_links":{"self":[{"href":"https:\/\/haus-der-sonne.info\/en\/wp-json\/wp\/v2\/pages\/65","targetHints":{"allow":["GET"]}}],"collection":[{"href":"https:\/\/haus-der-sonne.info\/en\/wp-json\/wp\/v2\/pages"}],"about":[{"href":"https:\/\/haus-der-sonne.info\/en\/wp-json\/wp\/v2\/types\/page"}],"author":[{"embeddable":true,"href":"https:\/\/haus-der-sonne.info\/en\/wp-json\/wp\/v2\/users\/1"}],"replies":[{"embeddable":true,"href":"https:\/\/haus-der-sonne.info\/en\/wp-json\/wp\/v2\/comments?post=65"}],"version-history":[{"count":18,"href":"https:\/\/haus-der-sonne.info\/en\/wp-json\/wp\/v2\/pages\/65\/revisions"}],"predecessor-version":[{"id":215,"href":"https:\/\/haus-der-sonne.info\/en\/wp-json\/wp\/v2\/pages\/65\/revisions\/215"}],"wp:attachment":[{"href":"https:\/\/haus-der-sonne.info\/en\/wp-json\/wp\/v2\/media?parent=65"}],"curies":[{"name":"wp","href":"https:\/\/api.w.org\/{rel}","templated":true}]}}